{"id":964,"date":"2021-07-18T17:11:39","date_gmt":"2021-07-18T20:11:39","guid":{"rendered":"http:\/\/kariciashop.com.br\/loja\/?post_type=product&#038;p=964"},"modified":"2023-02-21T11:38:32","modified_gmt":"2023-02-21T14:38:32","slug":"sutia-com-renda-demillus-caribdis-61332","status":"publish","type":"product","link":"https:\/\/kariciashop.com.br\/loja\/index.php\/product\/sutia-com-renda-demillus-caribdis-61332\/","title":{"rendered":"Suti\u00e3 com Renda Car\u00edbdis DeMillus 061332"},"content":{"rendered":"<p>Suti\u00e3 com Renda DeMillus &#8211; 061332, cole\u00e7\u00e3o Car\u00edbdis. Confeccionado em microfibra, de toque leve, macio e extremamente confort\u00e1vel. Suti\u00e3 sem aro e com busto anat\u00f4mico, que acomoda os seios na medida ideal. Cintura delicada em linda renda, que acrescenta charme \u00e0 pe\u00e7a. Laterais m\u00e9dias e al\u00e7as fixas e regul\u00e1veis. Costas com fecho em colchetes duplos de tripla regulagem. Composi\u00e7\u00e3o: 90% Poliamida e 10% Elastano. Renda: 78% Poliamida e 22% Elastano.<\/p>\n<table width=\"424\">\n<tbody>\n<tr style=\"font-style: inherit; font-weight: inherit;\">\n<td style=\"font-style: inherit; font-weight: inherit;\" width=\"113\">Tamanho<\/td>\n<td style=\"font-style: inherit; font-weight: inherit;\" width=\"163\">Sobre o busto<\/td>\n<td style=\"font-style: inherit; font-weight: inherit;\" width=\"148\">Abaixo do busto<\/td>\n<\/tr>\n<tr style=\"font-style: inherit; font-weight: inherit;\">\n<td style=\"font-style: inherit; font-weight: inherit;\" width=\"113\">38<\/td>\n<td style=\"font-style: inherit; font-weight: inherit;\" width=\"163\">71 a 76cm<\/td>\n<td style=\"font-style: inherit; font-weight: inherit;\" width=\"148\">56 a 61cm<\/td>\n<\/tr>\n<tr style=\"font-style: inherit; font-weight: inherit;\">\n<td style=\"font-style: inherit; font-weight: inherit;\" width=\"113\">40<\/td>\n<td style=\"font-style: inherit; font-weight: inherit;\" width=\"163\">77 a 82cm<\/td>\n<td style=\"font-style: inherit; font-weight: inherit;\" width=\"148\">62 a 67cm<\/td>\n<\/tr>\n<tr style=\"font-style: inherit; font-weight: inherit;\">\n<td style=\"font-style: inherit; font-weight: inherit;\" width=\"113\">42<\/td>\n<td style=\"font-style: inherit; font-weight: inherit;\" width=\"163\">83 a 87cm<\/td>\n<td style=\"font-style: inherit; font-weight: inherit;\" width=\"148\">68 a 72cm<\/td>\n<\/tr>\n<tr style=\"font-style: inherit; font-weight: inherit;\">\n<td style=\"font-style: inherit; font-weight: inherit;\" width=\"113\">44<\/td>\n<td style=\"font-style: inherit; font-weight: inherit;\" width=\"163\">88 a 92cm<\/td>\n<td style=\"font-style: inherit; font-weight: inherit;\" width=\"148\">73 a 77cm<\/td>\n<\/tr>\n<tr style=\"font-style: inherit; font-weight: inherit;\">\n<td style=\"font-style: inherit; font-weight: inherit;\" width=\"113\">46<\/td>\n<td style=\"font-style: inherit; font-weight: inherit;\" width=\"163\">93 a 97cm<\/td>\n<td style=\"font-style: inherit; font-weight: inherit;\" width=\"148\">78 a 82cm<\/td>\n<\/tr>\n<tr style=\"font-style: inherit; font-weight: inherit;\">\n<td style=\"font-style: inherit; font-weight: inherit;\" width=\"113\">48<\/td>\n<td style=\"font-style: inherit; font-weight: inherit;\" width=\"163\">98 a 102cm<\/td>\n<td style=\"font-style: inherit; font-weight: inherit;\" width=\"148\">83 a 87cm<\/td>\n<\/tr>\n<tr style=\"font-style: inherit; font-weight: inherit;\">\n<td style=\"font-style: inherit; font-weight: inherit;\" width=\"113\">50<\/td>\n<td style=\"font-style: inherit; font-weight: inherit;\" width=\"163\">103 a 107cm<\/td>\n<td style=\"font-style: inherit; font-weight: inherit;\" width=\"148\">88 a 92cm<\/td>\n<\/tr>\n<tr style=\"font-style: inherit; font-weight: inherit;\">\n<td style=\"font-style: inherit; font-weight: inherit;\" width=\"113\">52<\/td>\n<td style=\"font-style: inherit; font-weight: inherit;\" width=\"163\">108 a 112cm<\/td>\n<td style=\"font-style: inherit; font-weight: inherit;\" width=\"148\">93 a 97cm<\/td>\n<\/tr>\n<tr style=\"font-style: inherit; font-weight: inherit;\">\n<td style=\"font-style: inherit; font-weight: inherit;\" width=\"113\">54<\/td>\n<td style=\"font-style: inherit; font-weight: inherit;\" width=\"163\">113 a 117cm<\/td>\n<td style=\"font-style: inherit; font-weight: inherit;\" width=\"148\">98 a 102cm<\/td>\n<\/tr>\n<\/tbody>\n<\/table>\n","protected":false},"excerpt":{"rendered":"<p>Suti\u00e3 Car\u00edbidis DeMillus 061332 Confort\u00e1vel e b\u00e1sica. Ta\u00e7as duplas e c\u00f3s em renda el\u00e1stica. Sem aro e sem espuma. Abertura interna que permite o encaixe de <a href=\"https:\/\/www.estacaointima.com.br\/bojo-avulso-para-sutia-removivel-demillus\">espuma remov\u00edvel<\/a> (n\u00e3o inclu\u00edda). (Esse modelo substitui o antigo 61331, foi feito ajustes na composi\u00e7\u00e3o do tecido).<\/p>\n","protected":false},"featured_media":985,"template":"","meta":[],"product_cat":[15],"product_tag":[24,25,36],"_links":{"self":[{"href":"https:\/\/kariciashop.com.br\/loja\/index.php\/wp-json\/wp\/v2\/product\/964"}],"collection":[{"href":"https:\/\/kariciashop.com.br\/loja\/index.php\/wp-json\/wp\/v2\/product"}],"about":[{"href":"https:\/\/kariciashop.com.br\/loja\/index.php\/wp-json\/wp\/v2\/types\/product"}],"wp:featuredmedia":[{"embeddable":true,"href":"https:\/\/kariciashop.com.br\/loja\/index.php\/wp-json\/wp\/v2\/media\/985"}],"wp:attachment":[{"href":"https:\/\/kariciashop.com.br\/loja\/index.php\/wp-json\/wp\/v2\/media?parent=964"}],"wp:term":[{"taxonomy":"product_cat","embeddable":true,"href":"https:\/\/kariciashop.com.br\/loja\/index.php\/wp-json\/wp\/v2\/product_cat?post=964"},{"taxonomy":"product_tag","embeddable":true,"href":"https:\/\/kariciashop.com.br\/loja\/index.php\/wp-json\/wp\/v2\/product_tag?post=964"}],"curies":[{"name":"wp","href":"https:\/\/api.w.org\/{rel}","templated":true}]}}