{"id":850,"date":"2020-05-20T22:58:41","date_gmt":"2020-05-21T01:58:41","guid":{"rendered":"http:\/\/kariciashop.com.br\/loja\/?post_type=product&#038;p=850"},"modified":"2023-02-22T19:09:39","modified_gmt":"2023-02-22T22:09:39","slug":"calcinha-basica-demillus-bali-053431","status":"publish","type":"product","link":"https:\/\/kariciashop.com.br\/loja\/index.php\/product\/calcinha-basica-demillus-bali-053431\/","title":{"rendered":"Calcinha Biquini DeMillus Bali 053431"},"content":{"rendered":"<p>Calcinha B\u00e1sica DeMillus (53431), cole\u00e7\u00e3o Bali. Confeccionada em cotton, de toque macio e super confort\u00e1vel. Calcinha modelagem biqu\u00edni com cintura baixa, laterais m\u00e9dias e pernas cavadas. C\u00f3s em el\u00e1stico refor\u00e7ado, para maior sustenta\u00e7\u00e3o. Cava das pernas com acabamento em el\u00e1stico vi\u00e9s. Fundo em tecido duplo. Composi\u00e7\u00e3o: 100% Algod\u00e3o.<\/p>\n","protected":false},"excerpt":{"rendered":"<p>Calcinha B\u00e1sica DeMillus (53431), cole\u00e7\u00e3o Bali. Confeccionada em cotton, de toque macio e super confort\u00e1vel. Calcinha modelagem biqu\u00edni com cintura baixa, laterais m\u00e9dias e pernas cavadas. C\u00f3s em el\u00e1stico refor\u00e7ado, para maior sustenta\u00e7\u00e3o. Cava das pernas com acabamento em el\u00e1stico vi\u00e9s. Fundo em tecido duplo. Composi\u00e7\u00e3o: 100% Algod\u00e3o.<\/p>\n","protected":false},"featured_media":867,"template":"","meta":[],"product_cat":[21],"product_tag":[33,23,70,24,25],"_links":{"self":[{"href":"https:\/\/kariciashop.com.br\/loja\/index.php\/wp-json\/wp\/v2\/product\/850"}],"collection":[{"href":"https:\/\/kariciashop.com.br\/loja\/index.php\/wp-json\/wp\/v2\/product"}],"about":[{"href":"https:\/\/kariciashop.com.br\/loja\/index.php\/wp-json\/wp\/v2\/types\/product"}],"wp:featuredmedia":[{"embeddable":true,"href":"https:\/\/kariciashop.com.br\/loja\/index.php\/wp-json\/wp\/v2\/media\/867"}],"wp:attachment":[{"href":"https:\/\/kariciashop.com.br\/loja\/index.php\/wp-json\/wp\/v2\/media?parent=850"}],"wp:term":[{"taxonomy":"product_cat","embeddable":true,"href":"https:\/\/kariciashop.com.br\/loja\/index.php\/wp-json\/wp\/v2\/product_cat?post=850"},{"taxonomy":"product_tag","embeddable":true,"href":"https:\/\/kariciashop.com.br\/loja\/index.php\/wp-json\/wp\/v2\/product_tag?post=850"}],"curies":[{"name":"wp","href":"https:\/\/api.w.org\/{rel}","templated":true}]}}