{"id":825,"date":"2020-05-20T22:38:44","date_gmt":"2020-05-21T01:38:44","guid":{"rendered":"http:\/\/kariciashop.com.br\/loja\/?post_type=product&#038;p=825"},"modified":"2023-08-28T18:53:32","modified_gmt":"2023-08-28T21:53:32","slug":"calcinha-cavada-demillus-lithos-056014","status":"publish","type":"product","link":"https:\/\/kariciashop.com.br\/loja\/index.php\/product\/calcinha-cavada-demillus-lithos-056014\/","title":{"rendered":"Calcinha Cavada DeMillus Lithos 056014"},"content":{"rendered":"<p>Calcinha Cavada DeMillus (56014), cole\u00e7\u00e3o Lithos. Calcinha confeccionada em cotton (algod\u00e3o). Com cintura e cava alta. Proporciona firmeza e conforto, ideal para o dia-a-dia. Composi\u00e7\u00e3o: 95% algod\u00e3o, 5% elastano.<\/p>\n","protected":false},"excerpt":{"rendered":"<p>Calcinha Cavada DeMillus (56014), cole\u00e7\u00e3o Lithos. Calcinha confeccionada em cotton (algod\u00e3o). Com cintura e cava alta. Proporciona firmeza e conforto, ideal para o dia-a-dia. Composi\u00e7\u00e3o: 95% algod\u00e3o, 5% elastano.<\/p>\n","protected":false},"featured_media":847,"template":"","meta":[],"product_cat":[21],"product_tag":[23,70,24,25],"_links":{"self":[{"href":"https:\/\/kariciashop.com.br\/loja\/index.php\/wp-json\/wp\/v2\/product\/825"}],"collection":[{"href":"https:\/\/kariciashop.com.br\/loja\/index.php\/wp-json\/wp\/v2\/product"}],"about":[{"href":"https:\/\/kariciashop.com.br\/loja\/index.php\/wp-json\/wp\/v2\/types\/product"}],"wp:featuredmedia":[{"embeddable":true,"href":"https:\/\/kariciashop.com.br\/loja\/index.php\/wp-json\/wp\/v2\/media\/847"}],"wp:attachment":[{"href":"https:\/\/kariciashop.com.br\/loja\/index.php\/wp-json\/wp\/v2\/media?parent=825"}],"wp:term":[{"taxonomy":"product_cat","embeddable":true,"href":"https:\/\/kariciashop.com.br\/loja\/index.php\/wp-json\/wp\/v2\/product_cat?post=825"},{"taxonomy":"product_tag","embeddable":true,"href":"https:\/\/kariciashop.com.br\/loja\/index.php\/wp-json\/wp\/v2\/product_tag?post=825"}],"curies":[{"name":"wp","href":"https:\/\/api.w.org\/{rel}","templated":true}]}}