{"id":810,"date":"2020-05-20T22:11:12","date_gmt":"2020-05-21T01:11:12","guid":{"rendered":"http:\/\/kariciashop.com.br\/loja\/?post_type=product&#038;p=810"},"modified":"2023-02-13T14:17:02","modified_gmt":"2023-02-13T17:17:02","slug":"calca-alta-demillus-ultraleve-057400","status":"publish","type":"product","link":"https:\/\/kariciashop.com.br\/loja\/index.php\/product\/calca-alta-demillus-ultraleve-057400\/","title":{"rendered":"Calcinha Cal\u00e7a Alta DeMillus Ultraleve 057400"},"content":{"rendered":"<p>Calcinha Cal\u00e7a Alta DeMillus, cole\u00e7\u00e3o Ultraleve. Confeccionada em microfibra sem costura extremamente macia e confort\u00e1vel. Modelagem cintura alta, traseiro grande, pernas cavadas e laterais larguinhas. Cintura com leve compress\u00e3o ajudando a segurar a &#8220;barriguinha&#8221;. Cintura em tecido duplo, sem el\u00e1stico, para ajuste e conforto. Cavas com suave el\u00e1stico interno. Laterais sem costura. Composi\u00e7\u00e3o: 85% Poliamida e 15% Elastano.<\/p>\n","protected":false},"excerpt":{"rendered":"<p>Calcinha Cal\u00e7a Alta DeMillus, cole\u00e7\u00e3o Ultraleve. Confeccionada em microfibra sem costura extremamente macia e confort\u00e1vel. Modelagem cintura alta, traseiro grande, pernas cavadas e laterais larguinhas. Cintura com leve compress\u00e3o ajudando a segurar a &#8220;barriguinha&#8221;. Cintura em tecido duplo, sem el\u00e1stico, para ajuste e conforto. Cavas com suave el\u00e1stico interno. Laterais sem costura. Composi\u00e7\u00e3o: 85% Poliamida e 15% Elastano.<\/p>\n","protected":false},"featured_media":822,"template":"","meta":[],"product_cat":[21],"product_tag":[44,23,37,70,24,25,38,45],"_links":{"self":[{"href":"https:\/\/kariciashop.com.br\/loja\/index.php\/wp-json\/wp\/v2\/product\/810"}],"collection":[{"href":"https:\/\/kariciashop.com.br\/loja\/index.php\/wp-json\/wp\/v2\/product"}],"about":[{"href":"https:\/\/kariciashop.com.br\/loja\/index.php\/wp-json\/wp\/v2\/types\/product"}],"wp:featuredmedia":[{"embeddable":true,"href":"https:\/\/kariciashop.com.br\/loja\/index.php\/wp-json\/wp\/v2\/media\/822"}],"wp:attachment":[{"href":"https:\/\/kariciashop.com.br\/loja\/index.php\/wp-json\/wp\/v2\/media?parent=810"}],"wp:term":[{"taxonomy":"product_cat","embeddable":true,"href":"https:\/\/kariciashop.com.br\/loja\/index.php\/wp-json\/wp\/v2\/product_cat?post=810"},{"taxonomy":"product_tag","embeddable":true,"href":"https:\/\/kariciashop.com.br\/loja\/index.php\/wp-json\/wp\/v2\/product_tag?post=810"}],"curies":[{"name":"wp","href":"https:\/\/api.w.org\/{rel}","templated":true}]}}