{"id":795,"date":"2020-05-20T19:35:53","date_gmt":"2020-05-20T22:35:53","guid":{"rendered":"http:\/\/kariciashop.com.br\/loja\/?post_type=product&#038;p=795"},"modified":"2023-02-22T19:31:27","modified_gmt":"2023-02-22T22:31:27","slug":"calcinha-biquini-ultraleve-demillus-016306","status":"publish","type":"product","link":"https:\/\/kariciashop.com.br\/loja\/index.php\/product\/calcinha-biquini-ultraleve-demillus-016306\/","title":{"rendered":"Calcinha Biqu\u00edni Ultraleve DeMillus 053306"},"content":{"rendered":"<p>Calcinha Biqu\u00edni Ultraleve. Costas mais cavadas. El\u00e1stico suave nas cavas. Microfibra sem costuras. Ader\u00eancia e leveza com conforto. Cintura baixa. Cores: carmim, marinho, branco, bronze, preto, marfim, vinho-barolo, bege e rosa.<\/p>\n<p>Tamanho UN ( PP ao GR )<\/p>\n","protected":false},"excerpt":{"rendered":"<p>Calcinha Biqu\u00edni Ultraleve. Costas mais cavadas. El\u00e1stico suave nas cavas. Microfibra sem costuras. Ader\u00eancia e leveza com conforto. Cintura baixa. Cores: carmim, marinho, branco, bronze, preto, marfim, vinho-barolo, bege e rosa.<\/p>\n<p>Tamanho UN ( PP ao GR )<\/p>\n","protected":false},"featured_media":805,"template":"","meta":[],"product_cat":[21],"product_tag":[33,23,70,24,25],"_links":{"self":[{"href":"https:\/\/kariciashop.com.br\/loja\/index.php\/wp-json\/wp\/v2\/product\/795"}],"collection":[{"href":"https:\/\/kariciashop.com.br\/loja\/index.php\/wp-json\/wp\/v2\/product"}],"about":[{"href":"https:\/\/kariciashop.com.br\/loja\/index.php\/wp-json\/wp\/v2\/types\/product"}],"wp:featuredmedia":[{"embeddable":true,"href":"https:\/\/kariciashop.com.br\/loja\/index.php\/wp-json\/wp\/v2\/media\/805"}],"wp:attachment":[{"href":"https:\/\/kariciashop.com.br\/loja\/index.php\/wp-json\/wp\/v2\/media?parent=795"}],"wp:term":[{"taxonomy":"product_cat","embeddable":true,"href":"https:\/\/kariciashop.com.br\/loja\/index.php\/wp-json\/wp\/v2\/product_cat?post=795"},{"taxonomy":"product_tag","embeddable":true,"href":"https:\/\/kariciashop.com.br\/loja\/index.php\/wp-json\/wp\/v2\/product_tag?post=795"}],"curies":[{"name":"wp","href":"https:\/\/api.w.org\/{rel}","templated":true}]}}