{"id":745,"date":"2020-05-18T20:00:35","date_gmt":"2020-05-18T23:00:35","guid":{"rendered":"http:\/\/kariciashop.com.br\/loja\/?post_type=product&#038;p=745"},"modified":"2023-02-22T19:59:06","modified_gmt":"2023-02-22T22:59:06","slug":"calcinha-fio-dental-candence-demillus-016813","status":"publish","type":"product","link":"https:\/\/kariciashop.com.br\/loja\/index.php\/product\/calcinha-fio-dental-candence-demillus-016813\/","title":{"rendered":"Calcinha Fio dental Candence DeMillus 016813"},"content":{"rendered":"<p>Fio dental DeMillus (16813),cole\u00e7\u00e3o Candence. Calcinha confeccionada em microfibra el\u00e1stica, firme e sedosa. Com costas em tecido duplo, sem costura na bainha. N\u00e3o marca sob a roupa. Composi\u00e7\u00e3o: 83% poliamida, 17% elastano.<\/p>\n","protected":false},"excerpt":{"rendered":"<p>Fio dental DeMillus (16813),cole\u00e7\u00e3o Candence. Calcinha confeccionada em microfibra el\u00e1stica, firme e sedosa. Com costas em tecido duplo, sem costura na bainha. N\u00e3o marca sob a roupa. Composi\u00e7\u00e3o: 83% poliamida, 17% elastano.<\/p>\n","protected":false},"featured_media":809,"template":"","meta":[],"product_cat":[21],"product_tag":[23,27,24,26,25],"_links":{"self":[{"href":"https:\/\/kariciashop.com.br\/loja\/index.php\/wp-json\/wp\/v2\/product\/745"}],"collection":[{"href":"https:\/\/kariciashop.com.br\/loja\/index.php\/wp-json\/wp\/v2\/product"}],"about":[{"href":"https:\/\/kariciashop.com.br\/loja\/index.php\/wp-json\/wp\/v2\/types\/product"}],"wp:featuredmedia":[{"embeddable":true,"href":"https:\/\/kariciashop.com.br\/loja\/index.php\/wp-json\/wp\/v2\/media\/809"}],"wp:attachment":[{"href":"https:\/\/kariciashop.com.br\/loja\/index.php\/wp-json\/wp\/v2\/media?parent=745"}],"wp:term":[{"taxonomy":"product_cat","embeddable":true,"href":"https:\/\/kariciashop.com.br\/loja\/index.php\/wp-json\/wp\/v2\/product_cat?post=745"},{"taxonomy":"product_tag","embeddable":true,"href":"https:\/\/kariciashop.com.br\/loja\/index.php\/wp-json\/wp\/v2\/product_tag?post=745"}],"curies":[{"name":"wp","href":"https:\/\/api.w.org\/{rel}","templated":true}]}}