{"id":658,"date":"2020-05-11T23:16:49","date_gmt":"2020-05-12T02:16:49","guid":{"rendered":"http:\/\/kariciashop.com.br\/loja\/?post_type=product&#038;p=658"},"modified":"2023-02-21T11:09:46","modified_gmt":"2023-02-21T14:09:46","slug":"calcinha-biquini-copacabana-demillus-016148","status":"publish","type":"product","link":"https:\/\/kariciashop.com.br\/loja\/index.php\/product\/calcinha-biquini-copacabana-demillus-016148\/","title":{"rendered":"Calcinha Biqu\u00edni Copacabana DeMillus 016148"},"content":{"rendered":"<p>Calcinha Biqu\u00edni Copacabana DeMillus 16148 Todo em renda el\u00e1stica. Cavas em el\u00e1stico leve. Sem el\u00e1stico na cintura. Conforto e sofistica\u00e7\u00e3o. Tamanho A (veste PP a ME), Tamanho B (veste GR e EG)<\/p>\n","protected":false},"excerpt":{"rendered":"<p>Calcinha Biqu\u00edni Copacabana DeMillus 16148 Todo em renda el\u00e1stica. Cavas em el\u00e1stico leve. Sem el\u00e1stico na cintura. Conforto e sofistica\u00e7\u00e3o. Tamanho A (veste PP a ME), Tamanho B (veste GR e EG)<\/p>\n","protected":false},"featured_media":1437,"template":"","meta":[],"product_cat":[21],"product_tag":[33,23,24,25],"_links":{"self":[{"href":"https:\/\/kariciashop.com.br\/loja\/index.php\/wp-json\/wp\/v2\/product\/658"}],"collection":[{"href":"https:\/\/kariciashop.com.br\/loja\/index.php\/wp-json\/wp\/v2\/product"}],"about":[{"href":"https:\/\/kariciashop.com.br\/loja\/index.php\/wp-json\/wp\/v2\/types\/product"}],"wp:featuredmedia":[{"embeddable":true,"href":"https:\/\/kariciashop.com.br\/loja\/index.php\/wp-json\/wp\/v2\/media\/1437"}],"wp:attachment":[{"href":"https:\/\/kariciashop.com.br\/loja\/index.php\/wp-json\/wp\/v2\/media?parent=658"}],"wp:term":[{"taxonomy":"product_cat","embeddable":true,"href":"https:\/\/kariciashop.com.br\/loja\/index.php\/wp-json\/wp\/v2\/product_cat?post=658"},{"taxonomy":"product_tag","embeddable":true,"href":"https:\/\/kariciashop.com.br\/loja\/index.php\/wp-json\/wp\/v2\/product_tag?post=658"}],"curies":[{"name":"wp","href":"https:\/\/api.w.org\/{rel}","templated":true}]}}