{"id":1632,"date":"2022-08-22T19:33:08","date_gmt":"2022-08-22T22:33:08","guid":{"rendered":"http:\/\/kariciashop.com.br\/loja\/?post_type=product&#038;p=1632"},"modified":"2023-02-22T19:56:25","modified_gmt":"2023-02-22T22:56:25","slug":"calcinha-biquini-virtuel-demillus-016498","status":"publish","type":"product","link":"https:\/\/kariciashop.com.br\/loja\/index.php\/product\/calcinha-biquini-virtuel-demillus-016498\/","title":{"rendered":"Calcinha Biqu\u00edni Virtuel DeMillus 016498"},"content":{"rendered":"<p>Calcinha Biqu\u00edni Virtuel DeMillus 016498 Confort\u00e1vel e n\u00e3o marca. Em microfibra el\u00e1stica plus. Adere no corpo, sem el\u00e1stico nas cavas. Confort\u00e1vel e n\u00e3o marca sob roupa justa. Tecido especial com lycra e Tactel.<\/p>\n<table width=\"310\">\n<tbody>\n<tr>\n<td width=\"64\">Tamanho<\/td>\n<td width=\"84\">Cintura<\/td>\n<td width=\"162\">Quadril<\/td>\n<\/tr>\n<tr>\n<td width=\"64\">PP<\/td>\n<td width=\"84\">54 a 61cm<\/td>\n<td width=\"162\">76 a 86cm<\/td>\n<\/tr>\n<tr>\n<td width=\"64\">PE<\/td>\n<td width=\"84\">62 a 69cm<\/td>\n<td width=\"162\">87 a 94cm<\/td>\n<\/tr>\n<tr>\n<td width=\"64\">ME<\/td>\n<td width=\"84\">70 a 77cm<\/td>\n<td width=\"162\">95 a 102cm<\/td>\n<\/tr>\n<tr>\n<td width=\"64\">GR<\/td>\n<td width=\"84\">78 a 85cm<\/td>\n<td width=\"162\">103 a 110cm<\/td>\n<\/tr>\n<tr>\n<td width=\"64\">EG<\/td>\n<td width=\"84\">86 a 93cm<\/td>\n<td width=\"162\">111 a 118cm<\/td>\n<\/tr>\n<tr>\n<td width=\"64\">XG<\/td>\n<td width=\"84\">94 a 101cm<\/td>\n<td width=\"162\">119 a 126cm<\/td>\n<\/tr>\n<\/tbody>\n<\/table>\n","protected":false},"excerpt":{"rendered":"<p>Calcinha Biqu\u00edni Virtuel DeMillus 016498 Confort\u00e1vel e n\u00e3o marca. Em microfibra el\u00e1stica plus. Adere no corpo, sem el\u00e1stico nas cavas. Confort\u00e1vel e n\u00e3o marca sob roupa justa. Tecido especial com lycra e Tactel.<\/p>\n","protected":false},"featured_media":1633,"template":"","meta":[],"product_cat":[21],"product_tag":[33,96,23,24],"_links":{"self":[{"href":"https:\/\/kariciashop.com.br\/loja\/index.php\/wp-json\/wp\/v2\/product\/1632"}],"collection":[{"href":"https:\/\/kariciashop.com.br\/loja\/index.php\/wp-json\/wp\/v2\/product"}],"about":[{"href":"https:\/\/kariciashop.com.br\/loja\/index.php\/wp-json\/wp\/v2\/types\/product"}],"wp:featuredmedia":[{"embeddable":true,"href":"https:\/\/kariciashop.com.br\/loja\/index.php\/wp-json\/wp\/v2\/media\/1633"}],"wp:attachment":[{"href":"https:\/\/kariciashop.com.br\/loja\/index.php\/wp-json\/wp\/v2\/media?parent=1632"}],"wp:term":[{"taxonomy":"product_cat","embeddable":true,"href":"https:\/\/kariciashop.com.br\/loja\/index.php\/wp-json\/wp\/v2\/product_cat?post=1632"},{"taxonomy":"product_tag","embeddable":true,"href":"https:\/\/kariciashop.com.br\/loja\/index.php\/wp-json\/wp\/v2\/product_tag?post=1632"}],"curies":[{"name":"wp","href":"https:\/\/api.w.org\/{rel}","templated":true}]}}