{"id":1574,"date":"2022-08-22T19:05:36","date_gmt":"2022-08-22T22:05:36","guid":{"rendered":"http:\/\/kariciashop.com.br\/loja\/?post_type=product&#038;p=1574"},"modified":"2022-08-23T19:47:35","modified_gmt":"2022-08-23T22:47:35","slug":"calcinha-calca-classica-virtuel-demillus-057498","status":"publish","type":"product","link":"https:\/\/kariciashop.com.br\/loja\/index.php\/product\/calcinha-calca-classica-virtuel-demillus-057498\/","title":{"rendered":"Calcinha Cal\u00e7a Cl\u00e1ssica Virtuel DeMillus 057498"},"content":{"rendered":"<p>Calcinha Cal\u00e7a Cl\u00e1ssica Virtuel DeMillus 057498 Em microfibra el\u00e1stica plus. Adere no corpo, sem el\u00e1stico nas cavas. Costas comportadas e cintura alta. E n\u00e3o marca sob roupa justa.<\/p>\n<table width=\"310\">\n<tbody>\n<tr>\n<td width=\"64\">Tamanho<\/td>\n<td width=\"84\">Cintura<\/td>\n<td width=\"162\">Quadril<\/td>\n<\/tr>\n<tr>\n<td width=\"64\">PP<\/td>\n<td width=\"84\">54 a 61cm<\/td>\n<td width=\"162\">76 a 86cm<\/td>\n<\/tr>\n<tr>\n<td width=\"64\">PE<\/td>\n<td width=\"84\">62 a 69cm<\/td>\n<td width=\"162\">87 a 94cm<\/td>\n<\/tr>\n<tr>\n<td width=\"64\">ME<\/td>\n<td width=\"84\">70 a 77cm<\/td>\n<td width=\"162\">95 a 102cm<\/td>\n<\/tr>\n<tr>\n<td width=\"64\">GR<\/td>\n<td width=\"84\">78 a 85cm<\/td>\n<td width=\"162\">103 a 110cm<\/td>\n<\/tr>\n<tr>\n<td width=\"64\">EG<\/td>\n<td width=\"84\">86 a 93cm<\/td>\n<td width=\"162\">111 a 118cm<\/td>\n<\/tr>\n<tr>\n<td width=\"64\">XG<\/td>\n<td width=\"84\">94 a 101cm<\/td>\n<td width=\"162\">119 a 126cm<\/td>\n<\/tr>\n<\/tbody>\n<\/table>\n","protected":false},"excerpt":{"rendered":"<p>Calcinha Cal\u00e7a Cl\u00e1ssica Virtuel DeMillus 057498 Em microfibra el\u00e1stica plus. Adere no corpo, sem el\u00e1stico nas cavas. Costas comportadas e cintura alta. E n\u00e3o marca sob roupa justa.<\/p>\n","protected":false},"featured_media":1625,"template":"","meta":[],"product_cat":[21],"product_tag":[95,23,24],"_links":{"self":[{"href":"https:\/\/kariciashop.com.br\/loja\/index.php\/wp-json\/wp\/v2\/product\/1574"}],"collection":[{"href":"https:\/\/kariciashop.com.br\/loja\/index.php\/wp-json\/wp\/v2\/product"}],"about":[{"href":"https:\/\/kariciashop.com.br\/loja\/index.php\/wp-json\/wp\/v2\/types\/product"}],"wp:featuredmedia":[{"embeddable":true,"href":"https:\/\/kariciashop.com.br\/loja\/index.php\/wp-json\/wp\/v2\/media\/1625"}],"wp:attachment":[{"href":"https:\/\/kariciashop.com.br\/loja\/index.php\/wp-json\/wp\/v2\/media?parent=1574"}],"wp:term":[{"taxonomy":"product_cat","embeddable":true,"href":"https:\/\/kariciashop.com.br\/loja\/index.php\/wp-json\/wp\/v2\/product_cat?post=1574"},{"taxonomy":"product_tag","embeddable":true,"href":"https:\/\/kariciashop.com.br\/loja\/index.php\/wp-json\/wp\/v2\/product_tag?post=1574"}],"curies":[{"name":"wp","href":"https:\/\/api.w.org\/{rel}","templated":true}]}}