{"id":1562,"date":"2022-08-22T18:29:53","date_gmt":"2022-08-22T21:29:53","guid":{"rendered":"http:\/\/kariciashop.com.br\/loja\/?post_type=product&#038;p=1562"},"modified":"2023-06-02T22:22:38","modified_gmt":"2023-06-03T01:22:38","slug":"meia-calca-legging-dantelle-demillus-000069","status":"publish","type":"product","link":"https:\/\/kariciashop.com.br\/loja\/index.php\/product\/meia-calca-legging-dantelle-demillus-000069\/","title":{"rendered":"Meia Cal\u00e7a Legging Dantelle DeMillus 000069"},"content":{"rendered":"<p>Tamanho \u00danico (Veste tamanhos A e B).<\/p>\n<p>A qualidade a voc\u00ea a principal tend\u00eancia da esta\u00e7\u00e3o, a legging!<\/p>\n<p>E como tudo da Dantelle, essa legging \u00e9 toda especial:<\/p>\n<p>combina conforto, maciez e beleza&#8230;dando \u00e0s roupas um toque sofisticado e ao mesmo tempo jovial.<\/p>\n<p>Vers\u00e1til, voc\u00ea pode us\u00e1-la para complementar vestidos e saias ou como cal\u00e7a cors\u00e1rio com camisas e su\u00e9teres.<\/p>\n<p>Ligeira transpar\u00eancia.<\/p>\n<p>Toque sedoso.<\/p>\n<p>Composi\u00e7\u00e3o:\u00a088% poliamida +\u00a012% elastano<\/p>\n<p>Cores: Carmim e Grafite.<\/p>\n<p>Tamanho \u00danico (Veste A)<\/p>\n","protected":false},"excerpt":{"rendered":"<p>Tamanho \u00danico (Veste tamanhos A e B).<\/p>\n<p>A qualidade a voc\u00ea a principal tend\u00eancia da esta\u00e7\u00e3o, a legging!<\/p>\n<p>E como tudo da Dantelle, essa legging \u00e9 toda especial:<\/p>\n<p>combina conforto, maciez e beleza&#8230;dando \u00e0s roupas um toque sofisticado e ao mesmo tempo jovial.<\/p>\n<p>Vers\u00e1til, voc\u00ea pode us\u00e1-la para complementar vestidos e saias ou como cal\u00e7a cors\u00e1rio com camisas e su\u00e9teres.<\/p>\n<p>Ligeira transpar\u00eancia.<\/p>\n<p>Toque sedoso.<\/p>\n<p>Composi\u00e7\u00e3o:\u00a088% poliamida +\u00a012% elastano<\/p>\n<p>Cores: Carmim e Grafite.<\/p>\n<p>Tamanho \u00danico (Veste A)<\/p>\n","protected":false},"featured_media":1570,"template":"","meta":[],"product_cat":[32],"product_tag":[94,24,35,34],"_links":{"self":[{"href":"https:\/\/kariciashop.com.br\/loja\/index.php\/wp-json\/wp\/v2\/product\/1562"}],"collection":[{"href":"https:\/\/kariciashop.com.br\/loja\/index.php\/wp-json\/wp\/v2\/product"}],"about":[{"href":"https:\/\/kariciashop.com.br\/loja\/index.php\/wp-json\/wp\/v2\/types\/product"}],"wp:featuredmedia":[{"embeddable":true,"href":"https:\/\/kariciashop.com.br\/loja\/index.php\/wp-json\/wp\/v2\/media\/1570"}],"wp:attachment":[{"href":"https:\/\/kariciashop.com.br\/loja\/index.php\/wp-json\/wp\/v2\/media?parent=1562"}],"wp:term":[{"taxonomy":"product_cat","embeddable":true,"href":"https:\/\/kariciashop.com.br\/loja\/index.php\/wp-json\/wp\/v2\/product_cat?post=1562"},{"taxonomy":"product_tag","embeddable":true,"href":"https:\/\/kariciashop.com.br\/loja\/index.php\/wp-json\/wp\/v2\/product_tag?post=1562"}],"curies":[{"name":"wp","href":"https:\/\/api.w.org\/{rel}","templated":true}]}}