{"id":1517,"date":"2022-07-02T12:47:06","date_gmt":"2022-07-02T15:47:06","guid":{"rendered":"http:\/\/kariciashop.com.br\/loja\/?post_type=product&#038;p=1517"},"modified":"2023-06-05T19:26:52","modified_gmt":"2023-06-05T22:26:52","slug":"alcas-avulsas-demillus-070088","status":"publish","type":"product","link":"https:\/\/kariciashop.com.br\/loja\/index.php\/product\/alcas-avulsas-demillus-070088\/","title":{"rendered":"Al\u00e7as Avulsas DeMillus 070088"},"content":{"rendered":"<p>Al\u00e7as Avulsas DeMillus 70088 cont\u00eam 1 par de al\u00e7as vendidas separadamente.<\/p>\n","protected":false},"excerpt":{"rendered":"<p>Al\u00e7as Avulsas DeMillus 70088 cont\u00eam 1 par de al\u00e7as vendidas separadamente.<\/p>\n","protected":false},"featured_media":1520,"template":"","meta":[],"product_cat":[30],"product_tag":[79,91,90,89,24,71],"_links":{"self":[{"href":"https:\/\/kariciashop.com.br\/loja\/index.php\/wp-json\/wp\/v2\/product\/1517"}],"collection":[{"href":"https:\/\/kariciashop.com.br\/loja\/index.php\/wp-json\/wp\/v2\/product"}],"about":[{"href":"https:\/\/kariciashop.com.br\/loja\/index.php\/wp-json\/wp\/v2\/types\/product"}],"wp:featuredmedia":[{"embeddable":true,"href":"https:\/\/kariciashop.com.br\/loja\/index.php\/wp-json\/wp\/v2\/media\/1520"}],"wp:attachment":[{"href":"https:\/\/kariciashop.com.br\/loja\/index.php\/wp-json\/wp\/v2\/media?parent=1517"}],"wp:term":[{"taxonomy":"product_cat","embeddable":true,"href":"https:\/\/kariciashop.com.br\/loja\/index.php\/wp-json\/wp\/v2\/product_cat?post=1517"},{"taxonomy":"product_tag","embeddable":true,"href":"https:\/\/kariciashop.com.br\/loja\/index.php\/wp-json\/wp\/v2\/product_tag?post=1517"}],"curies":[{"name":"wp","href":"https:\/\/api.w.org\/{rel}","templated":true}]}}