{"id":1508,"date":"2022-07-02T12:35:35","date_gmt":"2022-07-02T15:35:35","guid":{"rendered":"http:\/\/kariciashop.com.br\/loja\/?post_type=product&#038;p=1508"},"modified":"2022-08-21T11:47:18","modified_gmt":"2022-08-21T14:47:18","slug":"bojos-casquinha-demillus-270053","status":"publish","type":"product","link":"https:\/\/kariciashop.com.br\/loja\/index.php\/product\/bojos-casquinha-demillus-270053\/","title":{"rendered":"Bojos Casquinha DeMillus 270053"},"content":{"rendered":"<p>Bojos Casquinha DeMillus 270053 Par de bojos. Modela os seios suavemente. Ideal para os Suti\u00e3s Overdom,\u00a0Car\u00edbidis e outros com suporte a bojo remov\u00edvel. Tamanho \u00danico\u00a0(veste do 40 ao 48).<\/p>\n","protected":false},"excerpt":{"rendered":"<p>Bojos Casquinha DeMillus 270053 Par de bojos. Modela os seios suavemente. Ideal para os Suti\u00e3s Overdom,\u00a0Car\u00edbidis e outros com suporte a bojo remov\u00edvel. Tamanho \u00danico\u00a0(veste do 40 ao 48).<\/p>\n","protected":false},"featured_media":1510,"template":"","meta":[],"product_cat":[30],"product_tag":[79,86,85,24,71],"_links":{"self":[{"href":"https:\/\/kariciashop.com.br\/loja\/index.php\/wp-json\/wp\/v2\/product\/1508"}],"collection":[{"href":"https:\/\/kariciashop.com.br\/loja\/index.php\/wp-json\/wp\/v2\/product"}],"about":[{"href":"https:\/\/kariciashop.com.br\/loja\/index.php\/wp-json\/wp\/v2\/types\/product"}],"wp:featuredmedia":[{"embeddable":true,"href":"https:\/\/kariciashop.com.br\/loja\/index.php\/wp-json\/wp\/v2\/media\/1510"}],"wp:attachment":[{"href":"https:\/\/kariciashop.com.br\/loja\/index.php\/wp-json\/wp\/v2\/media?parent=1508"}],"wp:term":[{"taxonomy":"product_cat","embeddable":true,"href":"https:\/\/kariciashop.com.br\/loja\/index.php\/wp-json\/wp\/v2\/product_cat?post=1508"},{"taxonomy":"product_tag","embeddable":true,"href":"https:\/\/kariciashop.com.br\/loja\/index.php\/wp-json\/wp\/v2\/product_tag?post=1508"}],"curies":[{"name":"wp","href":"https:\/\/api.w.org\/{rel}","templated":true}]}}