{"id":1502,"date":"2022-07-02T12:28:11","date_gmt":"2022-07-02T15:28:11","guid":{"rendered":"http:\/\/kariciashop.com.br\/loja\/?post_type=product&#038;p=1502"},"modified":"2023-05-26T16:43:16","modified_gmt":"2023-05-26T19:43:16","slug":"clip-prendedor-magic-up-demillus-270086","status":"publish","type":"product","link":"https:\/\/kariciashop.com.br\/loja\/index.php\/product\/clip-prendedor-magic-up-demillus-270086\/","title":{"rendered":"Clip Prendedor Magic Up DeMillus 270086"},"content":{"rendered":"<p>Clip Prendedor Magic Up DeMillus 270086, une as al\u00e7as nas costas. Para uso com decotes diferenciados. Real\u00e7a os seios. Em policarbonato transparente. Usado\u00a0para real\u00e7ar os seios, esconder as al\u00e7as do suti\u00e3 sob blusas com costas nadador ou\u00a0melhorar a postura. Fique\u00a0sexy em segundo, levanta os seios naturalmente. Prenda o clip nas al\u00e7as do suti\u00e3 e pronto.<\/p>\n","protected":false},"excerpt":{"rendered":"<p>Clip Prendedor Magic Up DeMillus 270086, une as al\u00e7as nas costas. Para uso com decotes diferenciados. Real\u00e7a os seios. Em policarbonato transparente. Usado\u00a0para real\u00e7ar os seios, esconder as al\u00e7as do suti\u00e3 sob blusas com costas nadador ou\u00a0melhorar a postura. Fique\u00a0sexy em segundo, levanta os seios naturalmente. Prenda o clip nas al\u00e7as do suti\u00e3 e pronto.<\/p>\n","protected":false},"featured_media":1504,"template":"","meta":[],"product_cat":[30],"product_tag":[79,80,83,82,24,81,71],"_links":{"self":[{"href":"https:\/\/kariciashop.com.br\/loja\/index.php\/wp-json\/wp\/v2\/product\/1502"}],"collection":[{"href":"https:\/\/kariciashop.com.br\/loja\/index.php\/wp-json\/wp\/v2\/product"}],"about":[{"href":"https:\/\/kariciashop.com.br\/loja\/index.php\/wp-json\/wp\/v2\/types\/product"}],"wp:featuredmedia":[{"embeddable":true,"href":"https:\/\/kariciashop.com.br\/loja\/index.php\/wp-json\/wp\/v2\/media\/1504"}],"wp:attachment":[{"href":"https:\/\/kariciashop.com.br\/loja\/index.php\/wp-json\/wp\/v2\/media?parent=1502"}],"wp:term":[{"taxonomy":"product_cat","embeddable":true,"href":"https:\/\/kariciashop.com.br\/loja\/index.php\/wp-json\/wp\/v2\/product_cat?post=1502"},{"taxonomy":"product_tag","embeddable":true,"href":"https:\/\/kariciashop.com.br\/loja\/index.php\/wp-json\/wp\/v2\/product_tag?post=1502"}],"curies":[{"name":"wp","href":"https:\/\/api.w.org\/{rel}","templated":true}]}}