{"id":1394,"date":"2022-06-26T13:31:35","date_gmt":"2022-06-26T16:31:35","guid":{"rendered":"http:\/\/kariciashop.com.br\/loja\/?post_type=product&#038;p=1394"},"modified":"2023-02-21T12:03:13","modified_gmt":"2023-02-21T15:03:13","slug":"sutia-ultraleve-demillus-061400","status":"publish","type":"product","link":"https:\/\/kariciashop.com.br\/loja\/index.php\/product\/sutia-ultraleve-demillus-061400\/","title":{"rendered":"Suti\u00e3 Ultraleve DeMillus 061400"},"content":{"rendered":"<p>Suti\u00e3 Ultraleve DeMillus 61400 Sem aro, sem espuma e sem fecho, al\u00e7as finas e ajust\u00e1veis. Tamanho \u00danico (Veste 40 a 46)<\/p>\n<table width=\"564\">\n<tbody>\n<tr style=\"font-style: inherit; font-weight: inherit;\">\n<td style=\"font-style: inherit; font-weight: inherit;\" width=\"95\">Tam<\/td>\n<td style=\"font-style: inherit; font-weight: inherit;\" width=\"158\">Sobre o busto<\/td>\n<td style=\"font-style: inherit; font-weight: inherit;\" width=\"183\">Abaixo do busto<\/td>\n<td style=\"font-style: inherit; font-weight: inherit;\" width=\"64\">Cintura<\/td>\n<td style=\"font-style: inherit; font-weight: inherit;\" width=\"64\">Quadril<\/td>\n<\/tr>\n<tr style=\"font-style: inherit; font-weight: inherit;\">\n<td style=\"font-style: inherit; font-weight: inherit;\" width=\"95\">40<\/td>\n<td style=\"font-style: inherit; font-weight: inherit;\" width=\"158\">77 a 82cm<\/td>\n<td style=\"font-style: inherit; font-weight: inherit;\" width=\"183\">62 a 67cm<\/td>\n<td style=\"font-style: inherit; font-weight: inherit;\" width=\"64\">54 a 61cm<\/td>\n<td style=\"font-style: inherit; font-weight: inherit;\" width=\"64\">76 a 86cm<\/td>\n<\/tr>\n<tr style=\"font-style: inherit; font-weight: inherit;\">\n<td style=\"font-style: inherit; font-weight: inherit;\" width=\"95\">42<\/td>\n<td style=\"font-style: inherit; font-weight: inherit;\" width=\"158\">83 a 87cm<\/td>\n<td style=\"font-style: inherit; font-weight: inherit;\" width=\"183\">68 a 72cm<\/td>\n<td style=\"font-style: inherit; font-weight: inherit;\" width=\"64\">62 a 69cm<\/td>\n<td style=\"font-style: inherit; font-weight: inherit;\" width=\"64\">87 a 94cm<\/td>\n<\/tr>\n<tr style=\"font-style: inherit; font-weight: inherit;\">\n<td style=\"font-style: inherit; font-weight: inherit;\" width=\"95\">44<\/td>\n<td style=\"font-style: inherit; font-weight: inherit;\" width=\"158\">88 a 92cm<\/td>\n<td style=\"font-style: inherit; font-weight: inherit;\" width=\"183\">73 a 77cm<\/td>\n<td style=\"font-style: inherit; font-weight: inherit;\" width=\"64\">70 a 77cm<\/td>\n<td style=\"font-style: inherit; font-weight: inherit;\" width=\"64\">95 a 102cm<\/td>\n<\/tr>\n<tr style=\"font-style: inherit; font-weight: inherit;\">\n<td style=\"font-style: inherit; font-weight: inherit;\" width=\"95\">46<\/td>\n<td style=\"font-style: inherit; font-weight: inherit;\" width=\"158\">93 a 97cm<\/td>\n<td style=\"font-style: inherit; font-weight: inherit;\" width=\"183\">78 a 82cm<\/td>\n<td style=\"font-style: inherit; font-weight: inherit;\" width=\"64\">78 a 85cm<\/td>\n<td style=\"font-style: inherit; font-weight: inherit;\" width=\"64\">103 a 110cm<\/td>\n<\/tr>\n<tr style=\"font-style: inherit; font-weight: inherit;\">\n<td style=\"font-style: inherit; font-weight: inherit;\" width=\"95\">48<\/td>\n<td style=\"font-style: inherit; font-weight: inherit;\" width=\"158\">98 a 102cm<\/td>\n<td style=\"font-style: inherit; font-weight: inherit;\" width=\"183\">83 a 87cm<\/td>\n<td style=\"font-style: inherit; font-weight: inherit;\" width=\"64\">86 a 93cm<\/td>\n<td style=\"font-style: inherit; font-weight: inherit;\" width=\"64\">111 a 118cm<\/td>\n<\/tr>\n<tr style=\"font-style: inherit; font-weight: inherit;\">\n<td style=\"font-style: inherit; font-weight: inherit;\" width=\"95\">50<\/td>\n<td style=\"font-style: inherit; font-weight: inherit;\" width=\"158\">103 a 107cm<\/td>\n<td style=\"font-style: inherit; font-weight: inherit;\" width=\"183\">88 a 92cm<\/td>\n<td style=\"font-style: inherit; font-weight: inherit;\" width=\"64\">94 a 101cm<\/td>\n<td style=\"font-style: inherit; font-weight: inherit;\" width=\"64\">119 a 126cm<\/td>\n<\/tr>\n<\/tbody>\n<\/table>\n","protected":false},"excerpt":{"rendered":"<p>Suti\u00e3 Ultraleve DeMillus 61400 Sem aro, sem espuma e sem fecho, al\u00e7as finas e ajust\u00e1veis. Tamanho \u00danico (Veste 40 a 46)<\/p>\n","protected":false},"featured_media":1406,"template":"","meta":[],"product_cat":[15],"product_tag":[25,36,72],"_links":{"self":[{"href":"https:\/\/kariciashop.com.br\/loja\/index.php\/wp-json\/wp\/v2\/product\/1394"}],"collection":[{"href":"https:\/\/kariciashop.com.br\/loja\/index.php\/wp-json\/wp\/v2\/product"}],"about":[{"href":"https:\/\/kariciashop.com.br\/loja\/index.php\/wp-json\/wp\/v2\/types\/product"}],"wp:featuredmedia":[{"embeddable":true,"href":"https:\/\/kariciashop.com.br\/loja\/index.php\/wp-json\/wp\/v2\/media\/1406"}],"wp:attachment":[{"href":"https:\/\/kariciashop.com.br\/loja\/index.php\/wp-json\/wp\/v2\/media?parent=1394"}],"wp:term":[{"taxonomy":"product_cat","embeddable":true,"href":"https:\/\/kariciashop.com.br\/loja\/index.php\/wp-json\/wp\/v2\/product_cat?post=1394"},{"taxonomy":"product_tag","embeddable":true,"href":"https:\/\/kariciashop.com.br\/loja\/index.php\/wp-json\/wp\/v2\/product_tag?post=1394"}],"curies":[{"name":"wp","href":"https:\/\/api.w.org\/{rel}","templated":true}]}}