{"id":1276,"date":"2022-06-21T19:11:42","date_gmt":"2022-06-21T22:11:42","guid":{"rendered":"http:\/\/kariciashop.com.br\/loja\/?post_type=product&#038;p=1276"},"modified":"2023-02-21T11:13:38","modified_gmt":"2023-02-21T14:13:38","slug":"pijama-longo-ermitage-demillus-285202","status":"publish","type":"product","link":"https:\/\/kariciashop.com.br\/loja\/index.php\/product\/pijama-longo-ermitage-demillus-285202\/","title":{"rendered":"Pijama Longo Ermitage DeMillus 285202"},"content":{"rendered":"<p style=\"font-weight: 400;\">Pijama Longo Ermitage DeMillus 285202 blusa manga longa. Cal\u00e7a comprida com el\u00e1stico interno na cintura. Comprimento lateral da cal\u00e7a (42 &#8211; 95cm | 44 &#8211; 99cm | 46 &#8211; 103cm | 48 &#8211; 107 cm | 50 &#8211; 111cm)<\/p>\n<table style=\"font-weight: 400;\">\n<tbody style=\"font-style: inherit; font-weight: inherit;\">\n<tr style=\"font-style: inherit; font-weight: inherit;\">\n<td style=\"font-style: inherit; font-weight: inherit;\" width=\"43\"><b><strong style=\"font-style: inherit;\">Tam<\/strong><\/b><\/td>\n<td style=\"font-style: inherit; font-weight: inherit;\" width=\"103\"><b><strong style=\"font-style: inherit;\">Sobre o busto<\/strong><\/b><\/td>\n<td style=\"font-style: inherit; font-weight: inherit;\" width=\"103\"><b><strong style=\"font-style: inherit;\">Abaixo do busto<\/strong><\/b><\/td>\n<td style=\"font-style: inherit; font-weight: inherit;\" width=\"103\"><b><strong style=\"font-style: inherit;\">Cintura<\/strong><\/b><\/td>\n<td style=\"font-style: inherit; font-weight: inherit;\" width=\"103\"><b><strong style=\"font-style: inherit;\">Quadril<\/strong><\/b><\/td>\n<\/tr>\n<tr style=\"font-style: inherit; font-weight: inherit;\">\n<td style=\"font-style: inherit; font-weight: inherit;\"><b><strong style=\"font-style: inherit;\">40<\/strong><\/b><\/td>\n<td style=\"font-style: inherit; font-weight: inherit;\">77 a 82cm<\/td>\n<td style=\"font-style: inherit; font-weight: inherit;\">62 a 67cm<\/td>\n<td style=\"font-style: inherit; font-weight: inherit;\">54 a 61cm<\/td>\n<td style=\"font-style: inherit; font-weight: inherit;\">76 a 86cm<\/td>\n<\/tr>\n<tr style=\"font-style: inherit; font-weight: inherit;\">\n<td style=\"font-style: inherit; font-weight: inherit;\"><b><strong style=\"font-style: inherit;\">42<\/strong><\/b><\/td>\n<td style=\"font-style: inherit; font-weight: inherit;\">83 a 87cm<\/td>\n<td style=\"font-style: inherit; font-weight: inherit;\">68 a 72cm<\/td>\n<td style=\"font-style: inherit; font-weight: inherit;\">62 a 69cm<\/td>\n<td style=\"font-style: inherit; font-weight: inherit;\">87 a 94cm<\/td>\n<\/tr>\n<tr style=\"font-style: inherit; font-weight: inherit;\">\n<td style=\"font-style: inherit; font-weight: inherit;\"><b><strong style=\"font-style: inherit;\">44<\/strong><\/b><\/td>\n<td style=\"font-style: inherit; font-weight: inherit;\">88 a 92cm<\/td>\n<td style=\"font-style: inherit; font-weight: inherit;\">73 a 77cm<\/td>\n<td style=\"font-style: inherit; font-weight: inherit;\">70 a 77cm<\/td>\n<td style=\"font-style: inherit; font-weight: inherit;\">95 a 102cm<\/td>\n<\/tr>\n<tr style=\"font-style: inherit; font-weight: inherit;\">\n<td style=\"font-style: inherit; font-weight: inherit;\"><b><strong style=\"font-style: inherit;\">46<\/strong><\/b><\/td>\n<td style=\"font-style: inherit; font-weight: inherit;\">93 a 97cm<\/td>\n<td style=\"font-style: inherit; font-weight: inherit;\">78 a 82cm<\/td>\n<td style=\"font-style: inherit; font-weight: inherit;\">78 a 85cm<\/td>\n<td style=\"font-style: inherit; font-weight: inherit;\">103 a 110cm<\/td>\n<\/tr>\n<tr style=\"font-style: inherit; font-weight: inherit;\">\n<td style=\"font-style: inherit; font-weight: inherit;\"><b><strong style=\"font-style: inherit;\">48<\/strong><\/b><\/td>\n<td style=\"font-style: inherit; font-weight: inherit;\">98 a 102cm<\/td>\n<td style=\"font-style: inherit; font-weight: inherit;\">83 a 87cm<\/td>\n<td style=\"font-style: inherit; font-weight: inherit;\">86 a 93cm<\/td>\n<td style=\"font-style: inherit; font-weight: inherit;\">111 a 118cm<\/td>\n<\/tr>\n<tr style=\"font-style: inherit; font-weight: inherit;\">\n<td style=\"font-style: inherit; font-weight: inherit;\"><b><strong style=\"font-style: inherit;\">50<\/strong><\/b><\/td>\n<td style=\"font-style: inherit; font-weight: inherit;\">103 a 107cm<\/td>\n<td style=\"font-style: inherit; font-weight: inherit;\">88 a 92cm<\/td>\n<td style=\"font-style: inherit; font-weight: inherit;\">94 a 101cm<\/td>\n<td style=\"font-style: inherit; font-weight: inherit;\">119 a 126cm<\/td>\n<\/tr>\n<\/tbody>\n<\/table>\n","protected":false},"excerpt":{"rendered":"<p>Pijama Longo Ermitage DeMillus 285202 blusa manga longa. Cal\u00e7a comprida com el\u00e1stico interno na cintura. Comprimento lateral da cal\u00e7a (42 &#8211; 95cm | 44 &#8211; 99cm | 46 &#8211; 103cm | 48 &#8211; 107 cm | 50 &#8211; 111cm)<\/p>\n","protected":false},"featured_media":1283,"template":"","meta":[],"product_cat":[29],"product_tag":[24,64,62,63],"_links":{"self":[{"href":"https:\/\/kariciashop.com.br\/loja\/index.php\/wp-json\/wp\/v2\/product\/1276"}],"collection":[{"href":"https:\/\/kariciashop.com.br\/loja\/index.php\/wp-json\/wp\/v2\/product"}],"about":[{"href":"https:\/\/kariciashop.com.br\/loja\/index.php\/wp-json\/wp\/v2\/types\/product"}],"wp:featuredmedia":[{"embeddable":true,"href":"https:\/\/kariciashop.com.br\/loja\/index.php\/wp-json\/wp\/v2\/media\/1283"}],"wp:attachment":[{"href":"https:\/\/kariciashop.com.br\/loja\/index.php\/wp-json\/wp\/v2\/media?parent=1276"}],"wp:term":[{"taxonomy":"product_cat","embeddable":true,"href":"https:\/\/kariciashop.com.br\/loja\/index.php\/wp-json\/wp\/v2\/product_cat?post=1276"},{"taxonomy":"product_tag","embeddable":true,"href":"https:\/\/kariciashop.com.br\/loja\/index.php\/wp-json\/wp\/v2\/product_tag?post=1276"}],"curies":[{"name":"wp","href":"https:\/\/api.w.org\/{rel}","templated":true}]}}