{"id":1178,"date":"2021-07-27T20:14:01","date_gmt":"2021-07-27T23:14:01","guid":{"rendered":"http:\/\/kariciashop.com.br\/loja\/?post_type=product&#038;p=1178"},"modified":"2022-08-21T19:34:21","modified_gmt":"2022-08-21T22:34:21","slug":"calcinha-tanga-marques-018810","status":"publish","type":"product","link":"https:\/\/kariciashop.com.br\/loja\/index.php\/product\/calcinha-tanga-marques-018810\/","title":{"rendered":"Calcinha Tanga Marques DeMillus 018810"},"content":{"rendered":"<p>Calcinha Tanga Marques DeMillus 018810<\/p>\n<p>COMPOSI\u00c7\u00c3O: 50% ALGOD\u00c3O, 50% POLIESTER.<\/p>\n","protected":false},"excerpt":{"rendered":"<p>Calcinha Tanga Marques DeMillus 018810<\/p>\n<p>COMPOSI\u00c7\u00c3O: 50% ALGOD\u00c3O, 50% POLIESTER.<\/p>\n","protected":false},"featured_media":1247,"template":"","meta":[],"product_cat":[21],"product_tag":[23,57,24,25,59,71,58],"_links":{"self":[{"href":"https:\/\/kariciashop.com.br\/loja\/index.php\/wp-json\/wp\/v2\/product\/1178"}],"collection":[{"href":"https:\/\/kariciashop.com.br\/loja\/index.php\/wp-json\/wp\/v2\/product"}],"about":[{"href":"https:\/\/kariciashop.com.br\/loja\/index.php\/wp-json\/wp\/v2\/types\/product"}],"wp:featuredmedia":[{"embeddable":true,"href":"https:\/\/kariciashop.com.br\/loja\/index.php\/wp-json\/wp\/v2\/media\/1247"}],"wp:attachment":[{"href":"https:\/\/kariciashop.com.br\/loja\/index.php\/wp-json\/wp\/v2\/media?parent=1178"}],"wp:term":[{"taxonomy":"product_cat","embeddable":true,"href":"https:\/\/kariciashop.com.br\/loja\/index.php\/wp-json\/wp\/v2\/product_cat?post=1178"},{"taxonomy":"product_tag","embeddable":true,"href":"https:\/\/kariciashop.com.br\/loja\/index.php\/wp-json\/wp\/v2\/product_tag?post=1178"}],"curies":[{"name":"wp","href":"https:\/\/api.w.org\/{rel}","templated":true}]}}