{"id":1168,"date":"2021-07-23T17:10:08","date_gmt":"2021-07-23T20:10:08","guid":{"rendered":"http:\/\/kariciashop.com.br\/loja\/?post_type=product&#038;p=1168"},"modified":"2022-08-21T19:32:09","modified_gmt":"2022-08-21T22:32:09","slug":"calcinha-fio-dental-puss-demillus-018024","status":"publish","type":"product","link":"https:\/\/kariciashop.com.br\/loja\/index.php\/product\/calcinha-fio-dental-puss-demillus-018024\/","title":{"rendered":"Calcinha Fio Dental Puss DeMillus 018024"},"content":{"rendered":"<p>Calcinha Fio Dental Puss DeMillus 018024.<\/p>\n<p>COMPOSI\u00c7\u00c3O: 92% ALGOD\u00c3O, 8% ELASTANO.<\/p>\n","protected":false},"excerpt":{"rendered":"<p>Calcinha Fio Dental Puss DeMillus 018024.<\/p>\n<p>COMPOSI\u00c7\u00c3O: 92% ALGOD\u00c3O, 8% ELASTANO.<\/p>\n","protected":false},"featured_media":1171,"template":"","meta":[],"product_cat":[21],"product_tag":[23,24,26,25,71,56],"_links":{"self":[{"href":"https:\/\/kariciashop.com.br\/loja\/index.php\/wp-json\/wp\/v2\/product\/1168"}],"collection":[{"href":"https:\/\/kariciashop.com.br\/loja\/index.php\/wp-json\/wp\/v2\/product"}],"about":[{"href":"https:\/\/kariciashop.com.br\/loja\/index.php\/wp-json\/wp\/v2\/types\/product"}],"wp:featuredmedia":[{"embeddable":true,"href":"https:\/\/kariciashop.com.br\/loja\/index.php\/wp-json\/wp\/v2\/media\/1171"}],"wp:attachment":[{"href":"https:\/\/kariciashop.com.br\/loja\/index.php\/wp-json\/wp\/v2\/media?parent=1168"}],"wp:term":[{"taxonomy":"product_cat","embeddable":true,"href":"https:\/\/kariciashop.com.br\/loja\/index.php\/wp-json\/wp\/v2\/product_cat?post=1168"},{"taxonomy":"product_tag","embeddable":true,"href":"https:\/\/kariciashop.com.br\/loja\/index.php\/wp-json\/wp\/v2\/product_tag?post=1168"}],"curies":[{"name":"wp","href":"https:\/\/api.w.org\/{rel}","templated":true}]}}