{"id":1131,"date":"2021-07-23T15:29:53","date_gmt":"2021-07-23T18:29:53","guid":{"rendered":"http:\/\/kariciashop.com.br\/loja\/?post_type=product&#038;p=1131"},"modified":"2022-08-21T19:27:32","modified_gmt":"2022-08-21T22:27:32","slug":"calcinha-fio-dental-frufru-demillus-017605","status":"publish","type":"product","link":"https:\/\/kariciashop.com.br\/loja\/index.php\/product\/calcinha-fio-dental-frufru-demillus-017605\/","title":{"rendered":"Calcinha Fio Dental Frufru DeMillus 017605"},"content":{"rendered":"<p>Calcinha Fio Dental Frufru DeMillus 017605<\/p>\n<p>COMPOSI\u00c7\u00c3O: 50% ALGOD\u00c3O, 50% POLIESTER.<\/p>\n","protected":false},"excerpt":{"rendered":"<p>Calcinha Fio Dental Frufru DeMillus 017605<\/p>\n<p>COMPOSI\u00c7\u00c3O: 50% ALGOD\u00c3O, 50% POLIESTER.<\/p>\n","protected":false},"featured_media":1158,"template":"","meta":[],"product_cat":[21],"product_tag":[23,24,26,52,53,25,71],"_links":{"self":[{"href":"https:\/\/kariciashop.com.br\/loja\/index.php\/wp-json\/wp\/v2\/product\/1131"}],"collection":[{"href":"https:\/\/kariciashop.com.br\/loja\/index.php\/wp-json\/wp\/v2\/product"}],"about":[{"href":"https:\/\/kariciashop.com.br\/loja\/index.php\/wp-json\/wp\/v2\/types\/product"}],"wp:featuredmedia":[{"embeddable":true,"href":"https:\/\/kariciashop.com.br\/loja\/index.php\/wp-json\/wp\/v2\/media\/1158"}],"wp:attachment":[{"href":"https:\/\/kariciashop.com.br\/loja\/index.php\/wp-json\/wp\/v2\/media?parent=1131"}],"wp:term":[{"taxonomy":"product_cat","embeddable":true,"href":"https:\/\/kariciashop.com.br\/loja\/index.php\/wp-json\/wp\/v2\/product_cat?post=1131"},{"taxonomy":"product_tag","embeddable":true,"href":"https:\/\/kariciashop.com.br\/loja\/index.php\/wp-json\/wp\/v2\/product_tag?post=1131"}],"curies":[{"name":"wp","href":"https:\/\/api.w.org\/{rel}","templated":true}]}}