{"id":622,"date":"2020-05-09T22:20:50","date_gmt":"2020-05-10T01:20:50","guid":{"rendered":"http:\/\/kariciashop.com.br\/loja\/?page_id=622"},"modified":"2022-06-25T11:47:16","modified_gmt":"2022-06-25T14:47:16","slug":"seguranca","status":"publish","type":"page","link":"https:\/\/kariciashop.com.br\/loja\/index.php\/seguranca\/","title":{"rendered":"Seguran\u00e7a"},"content":{"rendered":"\n<h2 class=\"wp-block-heading\">Seguran\u00e7a<\/h2>\n\n\n\n<p><\/p>\n\n\n\n<p>O <strong>KariciaShop<\/strong>! investe continuamente e disp\u00f5e de medidas t\u00e9cnicas e administrativas de seguran\u00e7a para proteger seus dados, alinhadas as melhores pr\u00e1ticas de seguran\u00e7a da informa\u00e7\u00e3o. A <strong>KariciaShop<\/strong> preza pela Confidencialidade, Integridade e Disponibilidade das informa\u00e7\u00f5es e dos dados pessoais dos clientes, colaboradores e parceiros de neg\u00f3cios. H\u00e1 a busca cont\u00ednua de m\u00e9todos de prote\u00e7\u00e3o contra a\u00e7\u00f5es danosas que visam utilizar, acessar, alterar e\/ou destruir dados indevidamente, dentre elas, citamos:<\/p>\n\n\n\n<ul><li>Controle de acesso f\u00edsico aos ambientes corporativos;<\/li><li>Acesso aos dados somente por profissionais que exercem fun\u00e7\u00f5es necess\u00e1rias para atendimento das finalidades espec\u00edficas;<\/li><li>Monitoramento cont\u00ednuo dos sistemas de informa\u00e7\u00f5es, de modo a prevenir, detectar e bloquear a\u00e7\u00f5es danosas;<\/li><li>Armazenamento e transfer\u00eancia de dados utilizando m\u00e9todos seguros.<\/li><\/ul>\n","protected":false},"excerpt":{"rendered":"<p>Seguran\u00e7a O KariciaShop! investe continuamente e disp\u00f5e de medidas t\u00e9cnicas e administrativas de seguran\u00e7a para proteger seus dados, alinhadas as melhores pr\u00e1ticas de seguran\u00e7a da informa\u00e7\u00e3o. A KariciaShop preza pela Confidencialidade, Integridade e Disponibilidade das [&hellip;]<\/p>\n","protected":false},"author":1,"featured_media":0,"parent":0,"menu_order":0,"comment_status":"closed","ping_status":"closed","template":"","meta":[],"_links":{"self":[{"href":"https:\/\/kariciashop.com.br\/loja\/index.php\/wp-json\/wp\/v2\/pages\/622"}],"collection":[{"href":"https:\/\/kariciashop.com.br\/loja\/index.php\/wp-json\/wp\/v2\/pages"}],"about":[{"href":"https:\/\/kariciashop.com.br\/loja\/index.php\/wp-json\/wp\/v2\/types\/page"}],"author":[{"embeddable":true,"href":"https:\/\/kariciashop.com.br\/loja\/index.php\/wp-json\/wp\/v2\/users\/1"}],"replies":[{"embeddable":true,"href":"https:\/\/kariciashop.com.br\/loja\/index.php\/wp-json\/wp\/v2\/comments?post=622"}],"version-history":[{"count":3,"href":"https:\/\/kariciashop.com.br\/loja\/index.php\/wp-json\/wp\/v2\/pages\/622\/revisions"}],"predecessor-version":[{"id":1298,"href":"https:\/\/kariciashop.com.br\/loja\/index.php\/wp-json\/wp\/v2\/pages\/622\/revisions\/1298"}],"wp:attachment":[{"href":"https:\/\/kariciashop.com.br\/loja\/index.php\/wp-json\/wp\/v2\/media?parent=622"}],"curies":[{"name":"wp","href":"https:\/\/api.w.org\/{rel}","templated":true}]}}