{"id":618,"date":"2020-05-09T22:19:53","date_gmt":"2020-05-10T01:19:53","guid":{"rendered":"http:\/\/kariciashop.com.br\/loja\/?page_id=618"},"modified":"2022-06-25T11:47:25","modified_gmt":"2022-06-25T14:47:25","slug":"karicia-shop","status":"publish","type":"page","link":"https:\/\/kariciashop.com.br\/loja\/index.php\/karicia-shop\/","title":{"rendered":"Karicia Shop"},"content":{"rendered":"<p><!--StartFragment--><\/p>\n\n\n<h2 class=\"wp-block-heading\">Karicia Shop<\/h2>\n\n\n\n<p>Empresa<br> A www.kariciashop.com.br, fundada em 1994, controla 2 lojas reais de lingerie no Paran\u00e1 e possu\u00ed vendedoras na reagi\u00e3o.<\/p>\n\n\n\n<p>A  www.kariciashop.com.br \u00e9 uma loja virtual, mas nosso estoque \u00e9 real, para que nossas entregas sejam r\u00e1pidas. Utilizamos os Correios para o transporte de nossos pedidos, e temos v\u00e1rias op\u00e7\u00f5es de pagamento.<\/p>\n\n\n<p><!--EndFragment--><\/p>","protected":false},"excerpt":{"rendered":"<p>Karicia Shop Empresa A www.kariciashop.com.br, fundada em 1994, controla 2 lojas reais de lingerie no Paran\u00e1 e possu\u00ed vendedoras na reagi\u00e3o. A www.kariciashop.com.br \u00e9 uma loja virtual, mas nosso estoque \u00e9 real, para que nossas [&hellip;]<\/p>\n","protected":false},"author":1,"featured_media":0,"parent":0,"menu_order":0,"comment_status":"closed","ping_status":"closed","template":"","meta":[],"_links":{"self":[{"href":"https:\/\/kariciashop.com.br\/loja\/index.php\/wp-json\/wp\/v2\/pages\/618"}],"collection":[{"href":"https:\/\/kariciashop.com.br\/loja\/index.php\/wp-json\/wp\/v2\/pages"}],"about":[{"href":"https:\/\/kariciashop.com.br\/loja\/index.php\/wp-json\/wp\/v2\/types\/page"}],"author":[{"embeddable":true,"href":"https:\/\/kariciashop.com.br\/loja\/index.php\/wp-json\/wp\/v2\/users\/1"}],"replies":[{"embeddable":true,"href":"https:\/\/kariciashop.com.br\/loja\/index.php\/wp-json\/wp\/v2\/comments?post=618"}],"version-history":[{"count":4,"href":"https:\/\/kariciashop.com.br\/loja\/index.php\/wp-json\/wp\/v2\/pages\/618\/revisions"}],"predecessor-version":[{"id":1299,"href":"https:\/\/kariciashop.com.br\/loja\/index.php\/wp-json\/wp\/v2\/pages\/618\/revisions\/1299"}],"wp:attachment":[{"href":"https:\/\/kariciashop.com.br\/loja\/index.php\/wp-json\/wp\/v2\/media?parent=618"}],"curies":[{"name":"wp","href":"https:\/\/api.w.org\/{rel}","templated":true}]}}