{"id":3,"date":"2019-10-24T20:26:25","date_gmt":"2019-10-24T23:26:25","guid":{"rendered":"http:\/\/kariciashop.com.br\/loja\/?page_id=3"},"modified":"2022-06-25T11:48:14","modified_gmt":"2022-06-25T14:48:14","slug":"politica-de-privacidade","status":"publish","type":"page","link":"https:\/\/kariciashop.com.br\/loja\/index.php\/politica-de-privacidade\/","title":{"rendered":"Pol\u00edtica de privacidade"},"content":{"rendered":"\n<h2 class=\"wp-block-heading\">Pol\u00edtica de privacidade<\/h2>\n\n\n\n<p>\n\nPrezado Cliente, Quando voc\u00ea compra na <strong>KariciaShop<\/strong>! voc\u00ea nos confia seus dados pessoais. \u00c9 pensando na manuten\u00e7\u00e3o desta confian\u00e7a que criamos nossa Pol\u00edtica de Privacidade e Prote\u00e7\u00e3o de Dados Pessoais: nela \u00e9 poss\u00edvel entender as nossas pr\u00e1ticas sobre o tratamento dos seus dados.&nbsp; <br>Com rela\u00e7\u00e3o aos seus dados pessoais de endere\u00e7amento, pagamento e conte\u00fado do pedido, voc\u00ea pode estar certo de que n\u00e3o ser\u00e3o utilizados para outros fins que n\u00e3o o de processamento dos pedidos realizados, n\u00e3o sendo portanto divulgados em hip\u00f3tese alguma.\n\n<\/p>\n\n\n\n<p><\/p>\n\n\n\n<p>Com rela\u00e7\u00e3o \u00e0 seguran\u00e7a no tr\u00e1fego de dados, toda transa\u00e7\u00e3o que envolver pagamento, seja por cart\u00e3o de cr\u00e9dito ou n\u00e3o, estar\u00e1 encriptada com a tecnologia SSL (Secure Socket Layer). Isso significa que s\u00f3 a loja tem acesso a estes dados. Quando voc\u00ea preenche os dados e nos envia, eles s\u00e3o criptografados, o que faz com que durante o trajeto pela Internet fiquem irreconhec\u00edveis, assegurando a confidencialidade. <\/p>\n","protected":false},"excerpt":{"rendered":"<p>Pol\u00edtica de privacidade Prezado Cliente, Quando voc\u00ea compra na KariciaShop! voc\u00ea nos confia seus dados pessoais. \u00c9 pensando na manuten\u00e7\u00e3o desta confian\u00e7a que criamos nossa Pol\u00edtica de Privacidade e Prote\u00e7\u00e3o de Dados Pessoais: nela \u00e9 [&hellip;]<\/p>\n","protected":false},"author":1,"featured_media":0,"parent":0,"menu_order":0,"comment_status":"closed","ping_status":"open","template":"","meta":[],"_links":{"self":[{"href":"https:\/\/kariciashop.com.br\/loja\/index.php\/wp-json\/wp\/v2\/pages\/3"}],"collection":[{"href":"https:\/\/kariciashop.com.br\/loja\/index.php\/wp-json\/wp\/v2\/pages"}],"about":[{"href":"https:\/\/kariciashop.com.br\/loja\/index.php\/wp-json\/wp\/v2\/types\/page"}],"author":[{"embeddable":true,"href":"https:\/\/kariciashop.com.br\/loja\/index.php\/wp-json\/wp\/v2\/users\/1"}],"replies":[{"embeddable":true,"href":"https:\/\/kariciashop.com.br\/loja\/index.php\/wp-json\/wp\/v2\/comments?post=3"}],"version-history":[{"count":7,"href":"https:\/\/kariciashop.com.br\/loja\/index.php\/wp-json\/wp\/v2\/pages\/3\/revisions"}],"predecessor-version":[{"id":1301,"href":"https:\/\/kariciashop.com.br\/loja\/index.php\/wp-json\/wp\/v2\/pages\/3\/revisions\/1301"}],"wp:attachment":[{"href":"https:\/\/kariciashop.com.br\/loja\/index.php\/wp-json\/wp\/v2\/media?parent=3"}],"curies":[{"name":"wp","href":"https:\/\/api.w.org\/{rel}","templated":true}]}}