{"id":1454,"date":"2022-06-28T15:18:25","date_gmt":"2022-06-28T18:18:25","guid":{"rendered":"http:\/\/kariciashop.com.br\/loja\/?page_id=1454"},"modified":"2022-08-13T12:57:48","modified_gmt":"2022-08-13T15:57:48","slug":"como-comprar","status":"publish","type":"page","link":"https:\/\/kariciashop.com.br\/loja\/index.php\/como-comprar\/","title":{"rendered":"Como Comprar"},"content":{"rendered":"\n<p><strong>Como comprar<\/strong><br><br>Para comprar em nossa loja \u00e9 muito f\u00e1cil:<\/p>\n\n\n\n<p>1) Basta navegar entre as diversas p\u00e1ginas de produtos ( Acess\u00f3rios, Calcinha, Suti\u00e3, Meias, Noite), selecionar o produto e clicar sobre o bot\u00e3o <strong>Comprar<\/strong>. Ap\u00f3s isso o produto ser\u00e1 inserido em seu&nbsp;<strong>carrinho de compras<\/strong><\/p>\n\n\n\n<p>2) Continue navegando em nosso site at\u00e9 escolher todos os produtos que voc\u00ea deseja adquirir. Agora basta clicar no link a direita&nbsp;<strong>Finalizar<\/strong>&nbsp;que voc\u00ea estar\u00e1 concluindo sua compra.<\/p>\n\n\n\n<p>3) Agora entre com o seu email e senha. Caso n\u00e3o for cadastrado, cadastre-se rapidamente clicando no link de&nbsp;<strong>Cadastro<\/strong>.<\/p>\n\n\n\n<p>4) Feito isso, escolha a forma de envio do produto. Trabalhamos com envio via Correio. Voc\u00ea pode optar por sedex ou encomenda simples (PAC).<\/p>\n\n\n\n<p>5) Agora basta escolher a forma de pagamento pela plataforma super segura (PagSeguro).<\/p>\n\n\n\n<p>6) Demais instru\u00e7\u00f5es ser\u00e3o enviadas via email para voc\u00ea ap\u00f3s a finaliza\u00e7\u00e3o de sua venda.\n\n<\/p>\n","protected":false},"excerpt":{"rendered":"<p>Como comprar Para comprar em nossa loja \u00e9 muito f\u00e1cil: 1) Basta navegar entre as diversas p\u00e1ginas de produtos ( Acess\u00f3rios, Calcinha, Suti\u00e3, Meias, Noite), selecionar o produto e clicar sobre o bot\u00e3o Comprar. Ap\u00f3s [&hellip;]<\/p>\n","protected":false},"author":1,"featured_media":0,"parent":0,"menu_order":0,"comment_status":"closed","ping_status":"closed","template":"","meta":[],"_links":{"self":[{"href":"https:\/\/kariciashop.com.br\/loja\/index.php\/wp-json\/wp\/v2\/pages\/1454"}],"collection":[{"href":"https:\/\/kariciashop.com.br\/loja\/index.php\/wp-json\/wp\/v2\/pages"}],"about":[{"href":"https:\/\/kariciashop.com.br\/loja\/index.php\/wp-json\/wp\/v2\/types\/page"}],"author":[{"embeddable":true,"href":"https:\/\/kariciashop.com.br\/loja\/index.php\/wp-json\/wp\/v2\/users\/1"}],"replies":[{"embeddable":true,"href":"https:\/\/kariciashop.com.br\/loja\/index.php\/wp-json\/wp\/v2\/comments?post=1454"}],"version-history":[{"count":4,"href":"https:\/\/kariciashop.com.br\/loja\/index.php\/wp-json\/wp\/v2\/pages\/1454\/revisions"}],"predecessor-version":[{"id":1547,"href":"https:\/\/kariciashop.com.br\/loja\/index.php\/wp-json\/wp\/v2\/pages\/1454\/revisions\/1547"}],"wp:attachment":[{"href":"https:\/\/kariciashop.com.br\/loja\/index.php\/wp-json\/wp\/v2\/media?parent=1454"}],"curies":[{"name":"wp","href":"https:\/\/api.w.org\/{rel}","templated":true}]}}